{"id":28,"date":"2025-04-10T09:06:55","date_gmt":"2025-04-10T07:06:55","guid":{"rendered":"https:\/\/transformationlab.nu\/?page_id=28"},"modified":"2025-05-26T11:57:05","modified_gmt":"2025-05-26T09:57:05","slug":"krachtig-leiderschap","status":"publish","type":"page","link":"https:\/\/transformationlab.nu\/en\/krachtig-leiderschap\/","title":{"rendered":"Powerful leadership"},"content":{"rendered":"<section class=\"section bg3 dark\" id=\"section_1267919002\">\n\t\t<div class=\"section-bg fill\" >\n\t\t\t\t\t\t\t<div class=\"video-overlay no-click fill visible\"><\/div>\n\t<video class=\"video-bg fill visible\" preload playsinline autoplay muted loop>\n\t\t<source src=\"https:\/\/transformationlab.nu\/wp-content\/uploads\/2025\/05\/T-LAB_zweem_kleur_groen-oranje-1.mp4\" type=\"video\/mp4\">\t<\/video>\n\t\t\t\n\t\t\t\n\n\t\t<\/div>\n\n\t\t\n\n\t\t<div class=\"section-content relative\">\n\t\t\t\n<div class=\"row\"  id=\"row-1702276200\">\n\n\t<div id=\"col-994642823\" class=\"col small-12 large-12\"  >\n\t\t\t\t<div class=\"col-inner text-center\"  >\n\t\t\t\n\t\t\t\n\t<div id=\"gap-669112365\" class=\"gap-element clearfix\" style=\"display:block; height:auto;\">\n\t\t\n<style>\n#gap-669112365 {\n  padding-top: 30px;\n}\n<\/style>\n\t<\/div>\n\t\n\t<div id=\"text-1851712781\" class=\"text boldtitle\">\n\t\t\n<h1>BUILDING AUTHENTIC LEADERS<\/h1>\n\t\t\n<style>\n#text-1851712781 {\n  font-size: 1.75rem;\n}\n<\/style>\n\t<\/div>\n\t\n\t<div id=\"text-909023320\" class=\"text anderlettertype\">\n\t\t\n<p><strong>By amplifying the human impact<\/strong><br \/>\n\t\t\n<style>\n#text-909023320 {\n  font-size: 1.3rem;\n}\n<\/style>\n\t<\/div>\n\t\n\t\t<\/div>\n\t\t\t\t\t<\/div>\n\n\t\n<\/div>\n\t\t<\/div>\n\n\t\t\n<style>\n#section_1267919002 {\n  padding-top: 30px;\n  padding-bottom: 30px;\n}\n@media (min-width:550px) {\n  #section_1267919002 {\n    padding-top: 80px;\n    padding-bottom: 80px;\n  }\n}\n<\/style>\n\t<\/section>\n\t\n\t<div id=\"gap-1492359874\" class=\"gap-element clearfix hide-for-small\" style=\"display:block; height:auto;\">\n\t\t\n<style>\n#gap-1492359874 {\n  padding-top: 110px;\n}\n<\/style>\n\t<\/div>\n\t\n\n\t<section class=\"section\" id=\"section_12440922\">\n\t\t<div class=\"section-bg fill\" >\n\t\t\t\t\t\t\t\t\t\n\t\t\t\n\n\t\t<\/div>\n\n\t\t\n\n\t\t<div class=\"section-content relative\">\n\t\t\t\n<div class=\"row align-center\"  id=\"row-915193655\">\n\n\t<div id=\"col-885231881\" class=\"col medium-8 small-12 large-8\"  >\n\t\t\t\t<div class=\"col-inner\"  >\n\t\t\t\n\t\t\t\n\t<div id=\"text-2232946282\" class=\"text boldtitle\">\n\t\t\n<h2>Powerful leadership<\/h2>\n<p>Bij TLAB geloven we dat \u00e9chte leiders niet alleen aansturen, maar inspireren, transformeren en blijvende impact maken. Wij brengen leiders terug naar hun kern \u2013 hun authentieke kracht, passie en drijfveren \u2013 om een fundament te leggen voor blijvende impact.<\/p>\n<p>Onze aanpak is voor leiders die het verschil willen maken. Of je nu een groot team leidt of een kleine afdeling, wij helpen je om vanuit jouw unieke kracht te werken. Bij TLAB bouwen we aan leiders die niet alleen resultaten boeken, maar die verandering aanjagen, zelfbewust zijn en anderen met energie inspireren. Wij zetten leiders in hun kracht, zodat ze niet alleen uitblinken op zakelijk vlak, maar ook groeien in levensgeluk en authenticiteit.<br \/>\n\t\t\n<style>\n#text-2232946282 {\n  font-size: 1rem;\n}\n<\/style>\n\t<\/div>\n\t\n\t\t<\/div>\n\t\t\t\t\t<\/div>\n\n\t\n<\/div>\n\t\t<\/div>\n\n\t\t\n<style>\n#section_12440922 {\n  padding-top: 0px;\n  padding-bottom: 0px;\n}\n<\/style>\n\t<\/section>\n\t\n\n  <div class=\"banner has-hover has-video\" id=\"banner-985141336\">\n          <div class=\"banner-inner fill\">\n        <div class=\"banner-bg fill\" >\n                        \t<div class=\"video-overlay no-click fill visible\"><\/div>\n\t<video class=\"video-bg fill visible\" preload playsinline autoplay muted loop>\n\t\t<source src=\"https:\/\/transformationlab.nu\/wp-content\/uploads\/2025\/05\/02.T-LAB_WEBSITE_BANNER_VLINDER_1-1.mp4\" type=\"video\/mp4\">\t<\/video>\n                        \n                    <\/div>\n\t\t\n        <div class=\"banner-layers container\">\n            <div class=\"fill banner-link\"><\/div>            \n   <div id=\"text-box-1670194536\" class=\"text-box banner-layer x50 md-x50 lg-x50 y50 md-y50 lg-y50 res-text\">\n                                <div class=\"text-box-content text dark\">\n              \n              <div class=\"text-inner text-center\">\n                  \n              <\/div>\n           <\/div>\n                            \n<style>\n#text-box-1670194536 {\n  width: 60%;\n}\n#text-box-1670194536 .text-box-content {\n  font-size: 100%;\n}\n<\/style>\n    <\/div>\n \n        <\/div>\n      <\/div>\n\n            \n<style>\n#banner-985141336 {\n  padding-top: 50%;\n}\n@media (min-width:550px) {\n  #banner-985141336 {\n    padding-top: 25%;\n  }\n}\n<\/style>\n  <\/div>\n\n\n\n\t<section class=\"section dark\" id=\"section_887290819\">\n\t\t<div class=\"section-bg fill\" >\n\t\t\t\t\t\t\t\t\t\n\t\t\t\n\n\t\t<\/div>\n\n\t\t\n\n\t\t<div class=\"section-content relative\">\n\t\t\t\n<div class=\"row align-center\"  id=\"row-1795002637\">\n\n\t<div id=\"col-841630584\" class=\"col medium-6 small-12 large-6\"  >\n\t\t\t\t<div class=\"col-inner\"  >\n\t\t\t\n\t\t\t\n\t<div class=\"img has-hover afgerond x md-x lg-x y md-y lg-y\" id=\"image_27064095\">\n\t\t\t\t\t\t\t\t<div class=\"img-inner image-cover dark\" style=\"padding-top:70%;\">\n\t\t\t<img loading=\"lazy\" decoding=\"async\" width=\"1020\" height=\"647\" src=\"https:\/\/transformationlab.nu\/wp-content\/uploads\/2025\/04\/butterfly.webp\" class=\"attachment-large size-large\" alt=\"\" srcset=\"https:\/\/transformationlab.nu\/wp-content\/uploads\/2025\/04\/butterfly.webp 1024w, https:\/\/transformationlab.nu\/wp-content\/uploads\/2025\/04\/butterfly-300x190.webp 300w, https:\/\/transformationlab.nu\/wp-content\/uploads\/2025\/04\/butterfly-768x488.webp 768w\" sizes=\"auto, (max-width: 1020px) 100vw, 1020px\" \/>\t\t\t\t\t\t\n\t\t\t\t\t<\/div>\n\t\t\t\t\t\t\t\t\n<style>\n#image_27064095 {\n  width: 96%;\n}\n<\/style>\n\t<\/div>\n\t\n\t\t<\/div>\n\t\t\t\t\t<\/div>\n\n\t\n\n\t<div id=\"col-260719423\" class=\"col medium-6 small-12 large-6 small-col-first\"  >\n\t\t\t\t<div class=\"col-inner\"  >\n\t\t\t\n\t\t\t\n\t<div id=\"text-472030944\" class=\"text titel1\">\n\t\t\n<h3>Leiderschapsprogramma<\/h3>\n<p>Het programma is een reis waarin leiders zich ontwikkelen, zichzelf uitdagen en zowel henzelf als hun teams in beweging brengen. Het gaat verder dan het aanleren van technieken en trucjes. Het leiderschapsprogramma van TLAB is intensief en prikkelend, met verrassende en soms onconventionele werkvormen. Gedurende deze reis krijg je de kans om diepere lagen aan te boren, grenzen te verleggen en \u00e9cht te leren leiden.<\/p>\n<h3>Het programma bestaat uit:<\/h3>\n<ul>\n<li>Individuele mentoring \u2013 Gericht op jouw energie en balans, fysiek, emotioneel, en mentaal, zodat je als leider sterker en scherper presteert.<\/li>\n<li>Intervisie-sessies \u2013 Werk samen met andere leiders aan actuele uitdagingen,. bouw een waardevol netwerk op en deel inzichten om verder te komen.<\/li>\n<li>Leiderschapstraining \u2013 Vijf transformatieve modules waarin zelfkennis, veerkracht, authentieke communicatie en inspirerend voorbeeldgedrag centraal staan. Je krijgt concrete tools en inzichten om je mindset te transformeren en gedragsverandering te realiseren, zowel bij jezelf als in je team.<\/li>\n<\/ul>\n<h3>Wat levert het op?<\/h3>\n<p>Het leiderschapsprogramma van TLAB stelt je in staat om met meer zelfvertrouwen, veerkracht en authenticiteit te leiden. Na afloop beschik je over concrete tools en inzichten om jezelf en je team duurzaam te motiveren en te inspireren, en ben je in staat om complexe uitdagingen effectief en met impact aan te pakken.<br \/>\n\t\t\n<style>\n#text-472030944 {\n  font-size: 1rem;\n  text-align: left;\n}\n<\/style>\n\t<\/div>\n\t\n\t\t<\/div>\n\t\t\t\t\t<\/div>\n\n\t\n<\/div>\n<div class=\"row align-center\"  id=\"row-1978197031\">\n\n\t<div id=\"col-385227169\" class=\"col medium-6 small-12 large-6\"  >\n\t\t\t\t<div class=\"col-inner\"  >\n\t\t\t\n\t\t\t\n\t<div id=\"text-3873008891\" class=\"text titel4\">\n\t\t\n<h3>Leiderschapsmentoring<\/h3>\n<p>Sta je op een punt in je carri\u00e8re waar je weet dat er m\u00e9\u00e9r in zit? Wil je impact maken, steviger in je leiderschap staan en tegelijkertijd trouw blijven aan wie jij bent?<\/p>\n<p>Bij TLAB Mentorship geloven we niet in one-size-fits-all. Dit is geen standaard coachingsprogramma waarin iemand je vertelt wat je moet doen. Dit is samen werken aan jouw leiderschap, met een sparringspartner die jou uitdaagt, ondersteunt en helpt om jouw doelen te bereiken. Of je nu een nieuwe uitdaging aangaat, een volgende stap voorbereidt of extra steun kunt gebruiken in een cruciale periode \u2013 dit traject helpt je om gefocust en krachtig vooruit te gaan.<\/p>\n<h3>Waarom dit traject?<\/h3>\n<ul>\n<li>Je wilt groeien in leiderschap, maar w\u00e9l op jouw manier.<\/li>\n<li>Je zoekt een sparringspartner die je scherp houdt, geen \u2018goeroe\u2019 die je vertelt hoe het moet.<\/li>\n<li>Je staat op een belangrijk kruispuntin je carri\u00e8re en wilt die stap vol vertrouwen zetten.<\/li>\n<li>Je weet dat je meer in je hebt, maar hebt behoefte aan structuur, inzicht en eerlijke feedback.<\/li>\n<\/ul>\n<h3>Hoe lang past bij jou?<\/h3>\n<p>Dit mentorship is beschikbaar in verschillende varianten, afhankelijk van waar jij nu staat en wat je nodig hebt:<\/p>\n<ul>\n<li><strong>3 maanden \u2013 Korte, krachtige ondersteuning<\/strong><br \/>\nVoor als je een periode hebt waarin je snel wilt schakelen, bijvoorbeeld bij een intensief project, lastige onderhandeling of uitdagende transitie.<\/li>\n<li><strong>6 maanden \u2013 Nieuwe rol, stevig neerzetten<\/strong><br \/>\nVoor als je net een nieuwe functie hebt en wilt zorgen dat je die vanaf dag \u00e9\u00e9n goed oppakt. Samen zorgen we ervoor dat je stevig staat en impact maakt.<\/li>\n<li><strong>12 maanden \u2013 Voorbereiding op je volgende grote stap<\/strong><br \/>\nVoor als je je wilt klaarmaken voor een belangrijke volgende fase in je carri\u00e8re. Dit traject helpt je om gefocust, strategisch en in je kracht naar dat doel toe te werken.<\/li>\n<\/ul>\n<h3>Wat levert het je op?<\/h3>\n<ul>\n<li>Meer zelfvertrouwen en impact in je rol.<\/li>\n<li>Een klankbord om te sparren over keuzes, strategie en positionering.<\/li>\n<li>Een duidelijk plan om jouw leiderschap verder te ontwikkelen.<\/li>\n<li>De tools om jezelf neer te zetten op een manier die bij jou past.<\/li>\n<\/ul>\n\t\t\n<style>\n#text-3873008891 {\n  font-size: 1rem;\n  text-align: left;\n}\n<\/style>\n\t<\/div>\n\t\n\t\t<\/div>\n\t\t\t\t\t<\/div>\n\n\t\n\n\t<div id=\"col-194400894\" class=\"col medium-6 small-12 large-6\"  >\n\t\t\t\t<div class=\"col-inner\"  >\n\t\t\t\n\t\t\t\n\t<div class=\"img has-hover afgerond x md-x lg-x y md-y lg-y\" id=\"image_1793154350\">\n\t\t\t\t\t\t\t\t<div class=\"img-inner image-cover dark\" style=\"padding-top:70%;\">\n\t\t\t<img loading=\"lazy\" decoding=\"async\" width=\"1020\" height=\"647\" src=\"https:\/\/transformationlab.nu\/wp-content\/uploads\/2025\/04\/air.webp\" class=\"attachment-large size-large\" alt=\"\" srcset=\"https:\/\/transformationlab.nu\/wp-content\/uploads\/2025\/04\/air.webp 1024w, https:\/\/transformationlab.nu\/wp-content\/uploads\/2025\/04\/air-300x190.webp 300w, https:\/\/transformationlab.nu\/wp-content\/uploads\/2025\/04\/air-768x488.webp 768w\" sizes=\"auto, (max-width: 1020px) 100vw, 1020px\" \/>\t\t\t\t\t\t\n\t\t\t\t\t<\/div>\n\t\t\t\t\t\t\t\t\n<style>\n#image_1793154350 {\n  width: 96%;\n}\n<\/style>\n\t<\/div>\n\t\n\t\t<\/div>\n\t\t\t\t\t<\/div>\n\n\t\n<\/div>\n\t\t<\/div>\n\n\t\t\n<style>\n#section_887290819 {\n  padding-top: 80px;\n  padding-bottom: 80px;\n  background-color: rgb(0,0,0);\n}\n<\/style>\n\t<\/section>\n\t\n\n\t<section class=\"section bg1\" id=\"section_142585826\">\n\t\t<div class=\"section-bg fill\" >\n\t\t\t\t\t\t\t\t\t\n\t\t\t\n\n\t\t<\/div>\n\n\t\t\n\n\t\t<div class=\"section-content relative\">\n\t\t\t\n\n\t<div id=\"gap-578926073\" class=\"gap-element clearfix\" style=\"display:block; height:auto;\">\n\t\t\n<style>\n#gap-578926073 {\n  padding-top: 20px;\n}\n<\/style>\n\t<\/div>\n\t\n\n<div class=\"row\"  id=\"row-801926669\">\n\n\n\t<div id=\"col-133069551\" class=\"col small-12 large-12\"  >\n\t\t\t\t<div class=\"col-inner box-shadow-2\" style=\"background-color:rgb(255,255,255);\" >\n\t\t\t\n\t\t\t\n\n\t<div id=\"gap-859051258\" class=\"gap-element clearfix hide-for-small\" style=\"display:block; height:auto;\">\n\t\t\n<style>\n#gap-859051258 {\n  padding-top: 20px;\n}\n<\/style>\n\t<\/div>\n\t\n\n<div class=\"row align-middle\"  id=\"row-1861066239\">\n\n\n\t<div id=\"col-439293179\" class=\"col medium-3 small-12 large-3\"  >\n\t\t\t\t<div class=\"col-inner\"  >\n\t\t\t\n\t\t\t\n\n\t<div class=\"img has-hover afgerond x md-x lg-x y md-y lg-y\" id=\"image_233556571\">\n\t\t\t\t\t\t\t\t<div class=\"img-inner dark\" >\n\t\t\t<img loading=\"lazy\" decoding=\"async\" width=\"1020\" height=\"989\" src=\"https:\/\/transformationlab.nu\/wp-content\/uploads\/2025\/04\/JustaDeGraaff-7163-1024x993.jpg\" class=\"attachment-large size-large\" alt=\"\" srcset=\"https:\/\/transformationlab.nu\/wp-content\/uploads\/2025\/04\/JustaDeGraaff-7163-1024x993.jpg 1024w, https:\/\/transformationlab.nu\/wp-content\/uploads\/2025\/04\/JustaDeGraaff-7163-300x291.jpg 300w, https:\/\/transformationlab.nu\/wp-content\/uploads\/2025\/04\/JustaDeGraaff-7163-768x745.jpg 768w, https:\/\/transformationlab.nu\/wp-content\/uploads\/2025\/04\/JustaDeGraaff-7163.jpg 1279w\" sizes=\"auto, (max-width: 1020px) 100vw, 1020px\" \/>\t\t\t\t\t\t\n\t\t\t\t\t<\/div>\n\t\t\t\t\t\t\t\t\n<style>\n#image_233556571 {\n  width: 100%;\n}\n<\/style>\n\t<\/div>\n\t\n\n\n\t\t<\/div>\n\t\t\t\t\t<\/div>\n\n\t\n\n\t<div id=\"col-123725560\" class=\"col medium-9 small-12 large-9\"  >\n\t\t\t\t<div class=\"col-inner\"  >\n\t\t\t\n\t\t\t\n\n\t<div id=\"text-1314477605\" class=\"text\">\n\t\t\n\n<h2>Klaar om de volgende stap te zetten?<\/h2>\r\nTLAB staat voor je klaar om jouw leiderschap naar een hoger niveau te brengen \u2013 voor jezelf, je team en je organisatie. Neem gerust contact op met Justa de Graaff, dit kan telefonisch of per e-mail.\n\t\t\n<style>\n#text-1314477605 {\n  font-size: 0.9rem;\n}\n@media (min-width:550px) {\n  #text-1314477605 {\n    font-size: 1rem;\n  }\n}\n<\/style>\n\t<\/div>\n\t\n\t<div id=\"gap-2022443991\" class=\"gap-element clearfix\" style=\"display:block; height:auto;\">\n\t\t\n<style>\n#gap-2022443991 {\n  padding-top: 15px;\n}\n<\/style>\n\t<\/div>\n\t\n\n<a href=\"tel:+31651197359\" class=\"button primary\" style=\"border-radius:99px;\">\n\t<i class=\"icon-phone\" aria-hidden=\"true\"><\/i>\t<span>+31 6 511 973 59<\/span>\n\t<\/a>\n\n\n<a href=\"mailto:justa.de.graaff@improven.nl\" class=\"button primary\" style=\"border-radius:99px;\">\n\t<i class=\"icon-envelop\" aria-hidden=\"true\"><\/i>\t<span>Justa de Graaff<\/span>\n\t<\/a>\n\n\n\n\t\t<\/div>\n\t\t\t\t\t<\/div>\n\n\t\n\n<\/div>\n\n\t\t<\/div>\n\t\t\t\t\n<style>\n#col-133069551 > .col-inner {\n  padding: 20px 20px 20px 20px;\n  border-radius: 6px;\n}\n@media (min-width:550px) {\n  #col-133069551 > .col-inner {\n    padding: 30px 50px 30px 50px;\n  }\n}\n<\/style>\n\t<\/div>\n\n\t\n\n<\/div>\n\n\t\t<\/div>\n\n\t\t\n<style>\n#section_142585826 {\n  padding-top: 50px;\n  padding-bottom: 50px;\n}\n<\/style>\n\t<\/section>","protected":false},"excerpt":{"rendered":"","protected":false},"author":1,"featured_media":0,"parent":0,"menu_order":0,"comment_status":"closed","ping_status":"closed","template":"page-blank.php","meta":{"footnotes":""},"class_list":["post-28","page","type-page","status-publish","hentry"],"yoast_head":"<!-- This site is optimized with the Yoast SEO plugin v27.3 - https:\/\/yoast.com\/product\/yoast-seo-wordpress\/ -->\n<title>Krachtig leiderschap | TLAB<\/title>\n<meta name=\"description\" content=\"Bij TLAB geloven we dat \u00e9chte leiders niet alleen aansturen, maar inspireren, transformeren en blijvende impact maken.\" \/>\n<meta name=\"robots\" content=\"index, follow, max-snippet:-1, max-image-preview:large, max-video-preview:-1\" \/>\n<link rel=\"canonical\" href=\"https:\/\/transformationlab.nu\/en\/krachtig-leiderschap\/\" \/>\n<meta property=\"og:locale\" content=\"en_GB\" \/>\n<meta property=\"og:type\" content=\"article\" \/>\n<meta property=\"og:title\" content=\"Krachtig leiderschap | TLAB\" \/>\n<meta property=\"og:description\" content=\"Bij TLAB geloven we dat \u00e9chte leiders niet alleen aansturen, maar inspireren, transformeren en blijvende impact maken.\" \/>\n<meta property=\"og:url\" content=\"https:\/\/transformationlab.nu\/en\/krachtig-leiderschap\/\" \/>\n<meta property=\"og:site_name\" content=\"Transformationlab TLAB\" \/>\n<meta property=\"article:modified_time\" content=\"2025-05-26T09:57:05+00:00\" \/>\n<meta name=\"twitter:card\" content=\"summary_large_image\" \/>\n<meta name=\"twitter:label1\" content=\"Estimated reading time\" \/>\n\t<meta name=\"twitter:data1\" content=\"4 minutes\" \/>\n<script type=\"application\/ld+json\" class=\"yoast-schema-graph\">{\"@context\":\"https:\\\/\\\/schema.org\",\"@graph\":[{\"@type\":\"WebPage\",\"@id\":\"https:\\\/\\\/transformationlab.nu\\\/krachtig-leiderschap\\\/\",\"url\":\"https:\\\/\\\/transformationlab.nu\\\/krachtig-leiderschap\\\/\",\"name\":\"Krachtig leiderschap | TLAB\",\"isPartOf\":{\"@id\":\"https:\\\/\\\/transformationlab.nu\\\/#website\"},\"datePublished\":\"2025-04-10T07:06:55+00:00\",\"dateModified\":\"2025-05-26T09:57:05+00:00\",\"description\":\"Bij TLAB geloven we dat \u00e9chte leiders niet alleen aansturen, maar inspireren, transformeren en blijvende impact maken.\",\"breadcrumb\":{\"@id\":\"https:\\\/\\\/transformationlab.nu\\\/krachtig-leiderschap\\\/#breadcrumb\"},\"inLanguage\":\"en-GB\",\"potentialAction\":[{\"@type\":\"ReadAction\",\"target\":[\"https:\\\/\\\/transformationlab.nu\\\/krachtig-leiderschap\\\/\"]}]},{\"@type\":\"BreadcrumbList\",\"@id\":\"https:\\\/\\\/transformationlab.nu\\\/krachtig-leiderschap\\\/#breadcrumb\",\"itemListElement\":[{\"@type\":\"ListItem\",\"position\":1,\"name\":\"Home\",\"item\":\"https:\\\/\\\/transformationlab.nu\\\/\"},{\"@type\":\"ListItem\",\"position\":2,\"name\":\"Krachtig leiderschap\"}]},{\"@type\":\"WebSite\",\"@id\":\"https:\\\/\\\/transformationlab.nu\\\/#website\",\"url\":\"https:\\\/\\\/transformationlab.nu\\\/\",\"name\":\"Transformationlab TLAB\",\"description\":\"\",\"potentialAction\":[{\"@type\":\"SearchAction\",\"target\":{\"@type\":\"EntryPoint\",\"urlTemplate\":\"https:\\\/\\\/transformationlab.nu\\\/?s={search_term_string}\"},\"query-input\":{\"@type\":\"PropertyValueSpecification\",\"valueRequired\":true,\"valueName\":\"search_term_string\"}}],\"inLanguage\":\"en-GB\"}]}<\/script>\n<!-- \/ Yoast SEO plugin. -->","yoast_head_json":{"title":"Krachtig leiderschap | TLAB","description":"Bij TLAB geloven we dat \u00e9chte leiders niet alleen aansturen, maar inspireren, transformeren en blijvende impact maken.","robots":{"index":"index","follow":"follow","max-snippet":"max-snippet:-1","max-image-preview":"max-image-preview:large","max-video-preview":"max-video-preview:-1"},"canonical":"https:\/\/transformationlab.nu\/en\/krachtig-leiderschap\/","og_locale":"en_GB","og_type":"article","og_title":"Krachtig leiderschap | TLAB","og_description":"Bij TLAB geloven we dat \u00e9chte leiders niet alleen aansturen, maar inspireren, transformeren en blijvende impact maken.","og_url":"https:\/\/transformationlab.nu\/en\/krachtig-leiderschap\/","og_site_name":"Transformationlab TLAB","article_modified_time":"2025-05-26T09:57:05+00:00","twitter_card":"summary_large_image","twitter_misc":{"Estimated reading time":"4 minutes"},"schema":{"@context":"https:\/\/schema.org","@graph":[{"@type":"WebPage","@id":"https:\/\/transformationlab.nu\/krachtig-leiderschap\/","url":"https:\/\/transformationlab.nu\/krachtig-leiderschap\/","name":"Krachtig leiderschap | TLAB","isPartOf":{"@id":"https:\/\/transformationlab.nu\/#website"},"datePublished":"2025-04-10T07:06:55+00:00","dateModified":"2025-05-26T09:57:05+00:00","description":"Bij TLAB geloven we dat \u00e9chte leiders niet alleen aansturen, maar inspireren, transformeren en blijvende impact maken.","breadcrumb":{"@id":"https:\/\/transformationlab.nu\/krachtig-leiderschap\/#breadcrumb"},"inLanguage":"en-GB","potentialAction":[{"@type":"ReadAction","target":["https:\/\/transformationlab.nu\/krachtig-leiderschap\/"]}]},{"@type":"BreadcrumbList","@id":"https:\/\/transformationlab.nu\/krachtig-leiderschap\/#breadcrumb","itemListElement":[{"@type":"ListItem","position":1,"name":"Home","item":"https:\/\/transformationlab.nu\/"},{"@type":"ListItem","position":2,"name":"Krachtig leiderschap"}]},{"@type":"WebSite","@id":"https:\/\/transformationlab.nu\/#website","url":"https:\/\/transformationlab.nu\/","name":"Transformationlab TLAB","description":"","potentialAction":[{"@type":"SearchAction","target":{"@type":"EntryPoint","urlTemplate":"https:\/\/transformationlab.nu\/?s={search_term_string}"},"query-input":{"@type":"PropertyValueSpecification","valueRequired":true,"valueName":"search_term_string"}}],"inLanguage":"en-GB"}]}},"_links":{"self":[{"href":"https:\/\/transformationlab.nu\/en\/wp-json\/wp\/v2\/pages\/28","targetHints":{"allow":["GET"]}}],"collection":[{"href":"https:\/\/transformationlab.nu\/en\/wp-json\/wp\/v2\/pages"}],"about":[{"href":"https:\/\/transformationlab.nu\/en\/wp-json\/wp\/v2\/types\/page"}],"author":[{"embeddable":true,"href":"https:\/\/transformationlab.nu\/en\/wp-json\/wp\/v2\/users\/1"}],"replies":[{"embeddable":true,"href":"https:\/\/transformationlab.nu\/en\/wp-json\/wp\/v2\/comments?post=28"}],"version-history":[{"count":30,"href":"https:\/\/transformationlab.nu\/en\/wp-json\/wp\/v2\/pages\/28\/revisions"}],"predecessor-version":[{"id":743,"href":"https:\/\/transformationlab.nu\/en\/wp-json\/wp\/v2\/pages\/28\/revisions\/743"}],"wp:attachment":[{"href":"https:\/\/transformationlab.nu\/en\/wp-json\/wp\/v2\/media?parent=28"}],"curies":[{"name":"wp","href":"https:\/\/api.w.org\/{rel}","templated":true}]}}